{"id":1672,"date":"2022-09-19T06:38:30","date_gmt":"2022-09-18T22:38:30","guid":{"rendered":"https:\/\/www.inteks.com.sg\/?post_type=product&#038;p=1672"},"modified":"2025-11-07T15:33:56","modified_gmt":"2025-11-07T07:33:56","slug":"intelligent-medical-products","status":"publish","type":"product","link":"https:\/\/www.inteks.com.sg\/es\/producto\/intelligent-medical-products\/","title":{"rendered":"Productos m\u00e9dicos inteligentes"},"content":{"rendered":"<ul>\n<li>Smart Thermometer Patch<\/li>\n<\/ul>\n<p><img loading=\"lazy\" class=\"alignnone size-full wp-image-1767\" src=\"https:\/\/www.inteks.com.sg\/wp-content\/uploads\/IntelligentMedicalProducts-1.webp\" alt=\"\" width=\"240\" height=\"160\" \/><\/p>\n<ul>\n<li>Sistema inteligente de temperatura<\/li>\n<\/ul>\n<p><img loading=\"lazy\" class=\"alignnone size-full wp-image-1763\" src=\"https:\/\/www.inteks.com.sg\/wp-content\/uploads\/IntelligentMedicalProducts-2.webp\" alt=\"\" width=\"240\" height=\"160\" \/> <img loading=\"lazy\" class=\"alignnone size-full wp-image-1764\" src=\"https:\/\/www.inteks.com.sg\/wp-content\/uploads\/IntelligentMedicalProducts-4.webp\" alt=\"\" width=\"240\" height=\"160\" \/><img loading=\"lazy\" class=\"alignnone size-full wp-image-1769\" src=\"https:\/\/www.inteks.com.sg\/wp-content\/uploads\/IntelligentMedicalProducts-8.webp\" alt=\"\" width=\"240\" height=\"160\" \/><img loading=\"lazy\" class=\"alignnone size-full wp-image-1768\" src=\"https:\/\/www.inteks.com.sg\/wp-content\/uploads\/IntelligentMedicalProducts-5.webp\" alt=\"\" width=\"240\" height=\"160\" \/><\/p>\n<ul>\n<li>\u00a0Placa base del sistema autom\u00e1tico de te\u00f1ido de c\u00e9lulas cancerosas LCT con base l\u00edquida<\/li>\n<\/ul>\n<p><img loading=\"lazy\" class=\"alignnone size-full wp-image-1765\" src=\"https:\/\/www.inteks.com.sg\/wp-content\/uploads\/IntelligentMedicalProducts-6.webp\" alt=\"\" width=\"240\" height=\"160\" \/><\/p>","protected":false},"excerpt":{"rendered":"<p>Smart Thermometer Patch Intelligent Temperature System \u00a0Automatic LCT liquid based cancer cell dyeing system motherboard<\/p>","protected":false},"featured_media":1669,"comment_status":"closed","ping_status":"closed","template":"","meta":[],"product_cat":[63],"product_tag":[],"_links":{"self":[{"href":"https:\/\/www.inteks.com.sg\/es\/wp-json\/wp\/v2\/product\/1672"}],"collection":[{"href":"https:\/\/www.inteks.com.sg\/es\/wp-json\/wp\/v2\/product"}],"about":[{"href":"https:\/\/www.inteks.com.sg\/es\/wp-json\/wp\/v2\/types\/product"}],"replies":[{"embeddable":true,"href":"https:\/\/www.inteks.com.sg\/es\/wp-json\/wp\/v2\/comments?post=1672"}],"wp:featuredmedia":[{"embeddable":true,"href":"https:\/\/www.inteks.com.sg\/es\/wp-json\/wp\/v2\/media\/1669"}],"wp:attachment":[{"href":"https:\/\/www.inteks.com.sg\/es\/wp-json\/wp\/v2\/media?parent=1672"}],"wp:term":[{"taxonomy":"product_cat","embeddable":true,"href":"https:\/\/www.inteks.com.sg\/es\/wp-json\/wp\/v2\/product_cat?post=1672"},{"taxonomy":"product_tag","embeddable":true,"href":"https:\/\/www.inteks.com.sg\/es\/wp-json\/wp\/v2\/product_tag?post=1672"}],"curies":[{"name":"wp","href":"https:\/\/api.w.org\/{rel}","templated":true}]}}