{"id":1671,"date":"2022-09-19T06:37:31","date_gmt":"2022-09-18T22:37:31","guid":{"rendered":"https:\/\/www.inteks.com.sg\/?post_type=product&#038;p=1671"},"modified":"2022-10-19T17:13:32","modified_gmt":"2022-10-19T09:13:32","slug":"bluetooth-earphone-pcba","status":"publish","type":"product","link":"https:\/\/www.inteks.com.sg\/es\/producto\/bluetooth-earphone-pcba\/","title":{"rendered":"PCBA para auriculares Bluetooth"},"content":{"rendered":"<div id=\"text-2388996464\" class=\"text\">\n\t\t\n<p><img src=\"https:\/\/www.inteks.com.sg\/wp-content\/uploads\/20200519044725299-1.png\" alt=\"\" \/><\/p>\n<p><strong>1\u3001Auricular Bluetooth de cabeza<\/strong><br \/>\nUso de auriculares Bluetooth sin retrasos ni interferencias<br \/>\n-Bluetooth versi\u00f3n 5.0, paquete IC: QFN8*8<br \/>\n- Est\u00e9reo, baja potencia<br \/>\n- M\u00e1s de 10 metros de distancia de alojamiento<br \/>\n- Para el mercado de gama media y alta de auriculares Bluetooth ;<br \/>\n-Seg\u00fan los requisitos del cliente (tecla \/ toque, llamada, reproducci\u00f3n de m\u00fasica, ajuste de ecualizaci\u00f3n de 10 segmentos, reducci\u00f3n de ruido CVC, estado del LED, etc.) para productos personalizados.<\/p>\n<p><strong>2\u3001TWS Auricular Bluetooth<\/strong><\/p>\n<p><img src=\"https:\/\/www.inteks.com.sg\/wp-content\/uploads\/20200518053133166-1.jpg\" \/><br \/>\nNuestro auricular Bluetooth TWS tiene una alta integraci\u00f3n, buena calidad de audio y buenos par\u00e1metros de RF. Adopta un dise\u00f1o de PCB de 6 capas y una placa PCBA de alta calidad compuesta por componentes. El tama\u00f1o de la PCBA se puede personalizar.<\/p>\n\t\t\n<style>\n#text-2388996464 {\n  font-size: 0.95rem;\n  line-height: 2.25;\n}\n<\/style>\n\t<\/div>","protected":false},"excerpt":{"rendered":"","protected":false},"featured_media":1667,"comment_status":"closed","ping_status":"closed","template":"","meta":[],"product_cat":[63],"product_tag":[],"_links":{"self":[{"href":"https:\/\/www.inteks.com.sg\/es\/wp-json\/wp\/v2\/product\/1671"}],"collection":[{"href":"https:\/\/www.inteks.com.sg\/es\/wp-json\/wp\/v2\/product"}],"about":[{"href":"https:\/\/www.inteks.com.sg\/es\/wp-json\/wp\/v2\/types\/product"}],"replies":[{"embeddable":true,"href":"https:\/\/www.inteks.com.sg\/es\/wp-json\/wp\/v2\/comments?post=1671"}],"wp:featuredmedia":[{"embeddable":true,"href":"https:\/\/www.inteks.com.sg\/es\/wp-json\/wp\/v2\/media\/1667"}],"wp:attachment":[{"href":"https:\/\/www.inteks.com.sg\/es\/wp-json\/wp\/v2\/media?parent=1671"}],"wp:term":[{"taxonomy":"product_cat","embeddable":true,"href":"https:\/\/www.inteks.com.sg\/es\/wp-json\/wp\/v2\/product_cat?post=1671"},{"taxonomy":"product_tag","embeddable":true,"href":"https:\/\/www.inteks.com.sg\/es\/wp-json\/wp\/v2\/product_tag?post=1671"}],"curies":[{"name":"wp","href":"https:\/\/api.w.org\/{rel}","templated":true}]}}