{"id":737,"date":"2022-03-10T19:29:24","date_gmt":"2022-03-10T11:29:24","guid":{"rendered":"https:\/\/www.inteks.com.sg\/?page_id=737"},"modified":"2022-10-17T14:44:18","modified_gmt":"2022-10-17T06:44:18","slug":"career","status":"publish","type":"page","link":"https:\/\/www.inteks.com.sg\/es\/about-us\/career\/","title":{"rendered":"Carrera"},"content":{"rendered":"<div id=\"text-3771193939\" class=\"text\">\n\t\t\n<h2>Senior\/Ingeniero de Software<\/h2>\n<h4>Responsabilidades:<\/h4>\n<p>- Analizar los nuevos requisitos y caracter\u00edsticas de la pasarela y los dispositivos del Internet de las cosas (IoT)<br \/>- Proponer y producir el dise\u00f1o de las caracter\u00edsticas del software inal\u00e1mbrico<br \/>- Implementaci\u00f3n, depuraci\u00f3n y pruebas unitarias de funciones, mejoras y correcciones<br \/>- Participar en las revisiones de dise\u00f1o por pares y en las inspecciones del c\u00f3digo<\/p>\n<h4>Requisitos:<\/h4>\n<p>- M\u00e1ster\/licenciatura en inform\u00e1tica o ingenier\u00eda<br \/>- M\u00ednimo 5 a\u00f1os de experiencia laboral en programaci\u00f3n de software C\/C++ en Linux u otras plataformas RTOS<br \/>- C\/C++ fuerte, t\u00e9cnicas de dise\u00f1o orientado a objetos, habilidad de programaci\u00f3n de aplicaciones multihilo<br \/>- Se valorar\u00e1 la experiencia con Python y\/o Lua<br \/>- Conocimiento pr\u00e1ctico de las redes IP y de los dispositivos con protocolo est\u00e1ndar inal\u00e1mbrico 802.11.xx<br \/>- Conocimiento pr\u00e1ctico del software de tiempo real embebido en plataformas RTOS demostrables<br \/>- Excelentes habilidades para resolver problemas y solucionarlos<br \/>- Capaz de realizar tareas complejas con una direcci\u00f3n de alto nivel<\/p>\n<hr \/>\n<h2>Director de marketing de IOT<\/h2>\n<h4>Responsabilidades:<\/h4>\n<p>- Promover soluciones de IoT y productos relacionados.<br \/>- An\u00e1lisis de la competencia en el mercado de las tecnolog\u00edas de la informaci\u00f3n y la comunicaci\u00f3n (IOT), formulaci\u00f3n de estrategias de competencia espec\u00edficas y promoci\u00f3n de los almuerzos para garantizar nuestras ventajas en el mercado.<br \/>- Ayudar al departamento de ventas a completar la comunicaci\u00f3n con el cliente, hacer estrategias de mercado y planes para satisfacer las necesidades del cliente, logrando un crecimiento continuo de las ventas.<br \/>- Construir los ejemplos de aplicaciones para nuevos productos y soluciones, paralelamente a la experiencia exitosa.<br \/>- Presentar sugerencias de planificaci\u00f3n de productos en funci\u00f3n de las necesidades de los clientes y del mercado.<br \/>- Participar en el desarrollo de las relaciones con los clientes clave, el funcionamiento de los proyectos y la negociaci\u00f3n comercial.<br \/>- Seguimiento de nuevos clientes de forma independiente.<\/p>\n<h4>Requisitos:<\/h4>\n<p>- Licenciatura o superior, especialidad en comunicaci\u00f3n, inform\u00e1tica, informaci\u00f3n electr\u00f3nica, etc.<br \/>- Familiarizado con la electr\u00f3nica de consumo, la electr\u00f3nica de comunicaci\u00f3n y los productos del Internet de las cosas.<br \/>- Orientaci\u00f3n al logro y buena capacidad de comunicaci\u00f3n.<br \/>- Se prefieren talentos con experiencia en TPMS, robot inteligente, juguete de control remoto, tratamiento m\u00e9dico m\u00f3vil, sistema de aparcamiento autom\u00e1tico e industria de cerraduras inteligentes, etc.<br \/>- Familiarizado con el m\u00f3dulo de datos BLE y WIFI.<\/p>\n<hr \/>\n<h2>Ingeniero de Hardware<\/h2>\n<h4>Responsabilidades:<\/h4>\n<p>- Gestionar los dise\u00f1os de hardware de placas de m\u00f3dem\/m\u00f3dulos inal\u00e1mbricos y el apoyo a las aplicaciones<br \/>- Realizar la evaluaci\u00f3n, selecci\u00f3n y recomendaci\u00f3n de componentes y subsistemas clave<br \/>- Optimizaci\u00f3n del rendimiento del dise\u00f1o para la fabricaci\u00f3n (DFM)<br \/>- Pruebas de conformidad relacionadas con la homologaci\u00f3n de tipo<br \/>- Desarrollo y optimizaci\u00f3n del software de pruebas de producci\u00f3n<\/p>\n<h4>Requisitos:<\/h4>\n<p>- M\u00e1ster\/licenciatura\/diploma en telecomunicaciones inal\u00e1mbricas\/ingenier\u00eda electr\u00f3nica<br \/>- M\u00ednimo 2 a\u00f1os de experiencia laboral en dise\u00f1os de placas de m\u00f3dem\/m\u00f3dulos de comunicaci\u00f3n a nivel de PCB<br \/>- Buen conocimiento de los equipos de prueba, las especificaciones y los reglamentos relacionados con la tecnolog\u00eda inal\u00e1mbrica\/RF<br \/>- Buenos conocimientos en RF, digital\/analog\u00eda, dise\u00f1o de circuitos de distribuci\u00f3n de energ\u00eda y esquemas<br \/>- Se valorar\u00e1n los conocimientos de CAD de placas de circuito impreso<br \/>- Alto nivel de ingl\u00e9s hablado y escrito<br \/>- Buena capacidad de an\u00e1lisis y comunicaci\u00f3n<\/p>\n<hr \/>\n<h2>Ingeniero de ventas de IOT<\/h2>\n<h4>Responsabilidades:<\/h4>\n<p>- Poner en marcha el plan de promoci\u00f3n del producto IOT y completar los objetivos de venta.<br \/>- Desarrollar los clientes de las empresas de soluciones y del canal OEM.<br \/>- Captar la informaci\u00f3n din\u00e1mica del mercado a tiempo, retroalimentar la demanda del mercado, ayudar al departamento de desarrollo a mejorar los productos.<br \/>- Establecer y mantener una buena reputaci\u00f3n corporativa y mantener eficazmente las relaciones con los clientes.<br \/>- Resumir, contar y analizar los datos empresariales.<br \/>- Ser capaz de presentar sugerencias constructivas.<\/p>\n<h4>Requisitos:<\/h4>\n<p>- T\u00edtulo universitario o superior<br \/>- Se prefieren los talentos con experiencia en la industria de la electr\u00f3nica de consumo.<br \/>- Resistencia a la presi\u00f3n y buena conciencia de servicio.<br \/>- Experiencia en productos BLE \/ WIFI.<br \/>- Familiarizado con el mercado de los electrodom\u00e9sticos y los peque\u00f1os electrodom\u00e9sticos.<br \/>- Se prefieren talentos con experiencia en TPMS, robot inteligente, juguete de control remoto, tratamiento m\u00e9dico m\u00f3vil, sistema de aparcamiento autom\u00e1tico e industria de cerraduras inteligentes, etc.<\/p>\n<hr \/>\n<p><strong>Env\u00ede una carta de presentaci\u00f3n, su curr\u00edculum detallado (con fotograf\u00eda reciente), los salarios actuales y previstos y la fecha de disponibilidad a <span style=\"color: #00923f;\"><a style=\"color: #00923f;\" href=\"mailto:hr@inteks.com.sg\">hr@inteks.com.sg<\/a><\/span>.<\/strong><\/p>\n\t\t\n<style>\n#text-3771193939 {\n  line-height: 2.25;\n}\n<\/style>\n\t<\/div>","protected":false},"excerpt":{"rendered":"","protected":false},"author":1,"featured_media":0,"parent":285,"menu_order":3,"comment_status":"closed","ping_status":"closed","template":"","meta":[],"_links":{"self":[{"href":"https:\/\/www.inteks.com.sg\/es\/wp-json\/wp\/v2\/pages\/737"}],"collection":[{"href":"https:\/\/www.inteks.com.sg\/es\/wp-json\/wp\/v2\/pages"}],"about":[{"href":"https:\/\/www.inteks.com.sg\/es\/wp-json\/wp\/v2\/types\/page"}],"author":[{"embeddable":true,"href":"https:\/\/www.inteks.com.sg\/es\/wp-json\/wp\/v2\/users\/1"}],"replies":[{"embeddable":true,"href":"https:\/\/www.inteks.com.sg\/es\/wp-json\/wp\/v2\/comments?post=737"}],"version-history":[{"count":0,"href":"https:\/\/www.inteks.com.sg\/es\/wp-json\/wp\/v2\/pages\/737\/revisions"}],"up":[{"embeddable":true,"href":"https:\/\/www.inteks.com.sg\/es\/wp-json\/wp\/v2\/pages\/285"}],"wp:attachment":[{"href":"https:\/\/www.inteks.com.sg\/es\/wp-json\/wp\/v2\/media?parent=737"}],"curies":[{"name":"wp","href":"https:\/\/api.w.org\/{rel}","templated":true}]}}